{"id":17,"date":"2022-09-01T12:34:09","date_gmt":"2022-09-01T15:34:09","guid":{"rendered":"https:\/\/conectabh.fumec.br\/?page_id=17"},"modified":"2022-11-11T14:40:28","modified_gmt":"2022-11-11T17:40:28","slug":"cultura","status":"publish","type":"page","link":"https:\/\/conectabh.fumec.br\/?page_id=17","title":{"rendered":"Cultura"},"content":{"rendered":"\n<h1 class=\"has-text-align-center wp-block-heading\">Portal Conecta<\/h1>\n\n\n\n<p>O portal Conecta, do curso de Jornalismo da Universidade Fumec, realiza a cobertura sobre fatos e temas de interesse p\u00fablico, produzida pelos estudantes, sob a supervis\u00e3o docente.<br><br>O objetivo do portal \u00e9 orientar a pr\u00e1tica laboratorial dos alunos, em webjornalismo, observando os direitos do cidad\u00e3o e \u00e0 informa\u00e7\u00e3o.&nbsp;<br><br>O portal Conecta realiza cobertura jornal\u00edstica nas editorias de geral, cultura, pol\u00edtica, economia e esporte. Al\u00e9m disso, produz conte\u00fado relativo \u00e0 vida universit\u00e1ria.<\/p>\n","protected":false},"excerpt":{"rendered":"<p>Portal Conecta O portal Conecta, do curso de Jornalismo da Universidade Fumec, realiza a cobertura&#8230;<\/p>\n","protected":false},"author":1,"featured_media":0,"parent":0,"menu_order":0,"comment_status":"closed","ping_status":"closed","template":"","meta":{"footnotes":""},"class_list":["post-17","page","type-page","status-publish","hentry"],"yoast_head":"<!-- This site is optimized with the Yoast SEO plugin v27.4 - https:\/\/yoast.com\/product\/yoast-seo-wordpress\/ -->\n<title>Cultura - Portal Conecta<\/title>\n<meta name=\"robots\" content=\"index, follow, max-snippet:-1, max-image-preview:large, max-video-preview:-1\" \/>\n<link rel=\"canonical\" href=\"https:\/\/conectabh.fumec.br\/?page_id=17\" \/>\n<meta property=\"og:locale\" content=\"pt_BR\" \/>\n<meta property=\"og:type\" content=\"article\" \/>\n<meta property=\"og:title\" content=\"Cultura - Portal Conecta\" \/>\n<meta property=\"og:description\" content=\"Portal Conecta O portal Conecta, do curso de Jornalismo da Universidade Fumec, realiza a cobertura...\" \/>\n<meta property=\"og:url\" content=\"https:\/\/conectabh.fumec.br\/?page_id=17\" \/>\n<meta property=\"og:site_name\" content=\"Portal Conecta\" \/>\n<meta property=\"article:modified_time\" content=\"2022-11-11T17:40:28+00:00\" \/>\n<meta name=\"twitter:card\" content=\"summary_large_image\" \/>\n<meta name=\"twitter:label1\" content=\"Est. tempo de leitura\" \/>\n\t<meta name=\"twitter:data1\" content=\"1 minuto\" \/>\n<script type=\"application\/ld+json\" class=\"yoast-schema-graph\">{\"@context\":\"https:\\\/\\\/schema.org\",\"@graph\":[{\"@type\":[\"WebPage\",\"CollectionPage\"],\"@id\":\"https:\\\/\\\/conectabh.fumec.br\\\/?page_id=17\",\"url\":\"https:\\\/\\\/conectabh.fumec.br\\\/?page_id=17\",\"name\":\"Cultura - Portal Conecta\",\"isPartOf\":{\"@id\":\"https:\\\/\\\/conectabh.fumec.br\\\/#website\"},\"datePublished\":\"2022-09-01T15:34:09+00:00\",\"dateModified\":\"2022-11-11T17:40:28+00:00\",\"breadcrumb\":{\"@id\":\"https:\\\/\\\/conectabh.fumec.br\\\/?page_id=17#breadcrumb\"},\"inLanguage\":\"pt-BR\"},{\"@type\":\"BreadcrumbList\",\"@id\":\"https:\\\/\\\/conectabh.fumec.br\\\/?page_id=17#breadcrumb\",\"itemListElement\":[{\"@type\":\"ListItem\",\"position\":1,\"name\":\"Home\",\"item\":\"https:\\\/\\\/conectabh.fumec.br\\\/\"},{\"@type\":\"ListItem\",\"position\":2,\"name\":\"Cultura\"}]},{\"@type\":\"WebSite\",\"@id\":\"https:\\\/\\\/conectabh.fumec.br\\\/#website\",\"url\":\"https:\\\/\\\/conectabh.fumec.br\\\/\",\"name\":\"Portal Conecta\",\"description\":\"Laborat\u00f3rio de M\u00eddias Digitais da Universidade Fumec\",\"publisher\":{\"@id\":\"https:\\\/\\\/conectabh.fumec.br\\\/#organization\"},\"potentialAction\":[{\"@type\":\"SearchAction\",\"target\":{\"@type\":\"EntryPoint\",\"urlTemplate\":\"https:\\\/\\\/conectabh.fumec.br\\\/?s={search_term_string}\"},\"query-input\":{\"@type\":\"PropertyValueSpecification\",\"valueRequired\":true,\"valueName\":\"search_term_string\"}}],\"inLanguage\":\"pt-BR\"},{\"@type\":\"Organization\",\"@id\":\"https:\\\/\\\/conectabh.fumec.br\\\/#organization\",\"name\":\"Portal Conecta\",\"url\":\"https:\\\/\\\/conectabh.fumec.br\\\/\",\"logo\":{\"@type\":\"ImageObject\",\"inLanguage\":\"pt-BR\",\"@id\":\"https:\\\/\\\/conectabh.fumec.br\\\/#\\\/schema\\\/logo\\\/image\\\/\",\"url\":\"https:\\\/\\\/conectabh.fumec.br\\\/wp-content\\\/uploads\\\/cropped-conecta.png\",\"contentUrl\":\"https:\\\/\\\/conectabh.fumec.br\\\/wp-content\\\/uploads\\\/cropped-conecta.png\",\"width\":160,\"height\":160,\"caption\":\"Portal Conecta\"},\"image\":{\"@id\":\"https:\\\/\\\/conectabh.fumec.br\\\/#\\\/schema\\\/logo\\\/image\\\/\"},\"sameAs\":[\"https:\\\/\\\/www.instagram.com\\\/conectafumec\\\/\"]}]}<\/script>\n<!-- \/ Yoast SEO plugin. -->","yoast_head_json":{"title":"Cultura - Portal Conecta","robots":{"index":"index","follow":"follow","max-snippet":"max-snippet:-1","max-image-preview":"max-image-preview:large","max-video-preview":"max-video-preview:-1"},"canonical":"https:\/\/conectabh.fumec.br\/?page_id=17","og_locale":"pt_BR","og_type":"article","og_title":"Cultura - Portal Conecta","og_description":"Portal Conecta O portal Conecta, do curso de Jornalismo da Universidade Fumec, realiza a cobertura...","og_url":"https:\/\/conectabh.fumec.br\/?page_id=17","og_site_name":"Portal Conecta","article_modified_time":"2022-11-11T17:40:28+00:00","twitter_card":"summary_large_image","twitter_misc":{"Est. tempo de leitura":"1 minuto"},"schema":{"@context":"https:\/\/schema.org","@graph":[{"@type":["WebPage","CollectionPage"],"@id":"https:\/\/conectabh.fumec.br\/?page_id=17","url":"https:\/\/conectabh.fumec.br\/?page_id=17","name":"Cultura - Portal Conecta","isPartOf":{"@id":"https:\/\/conectabh.fumec.br\/#website"},"datePublished":"2022-09-01T15:34:09+00:00","dateModified":"2022-11-11T17:40:28+00:00","breadcrumb":{"@id":"https:\/\/conectabh.fumec.br\/?page_id=17#breadcrumb"},"inLanguage":"pt-BR"},{"@type":"BreadcrumbList","@id":"https:\/\/conectabh.fumec.br\/?page_id=17#breadcrumb","itemListElement":[{"@type":"ListItem","position":1,"name":"Home","item":"https:\/\/conectabh.fumec.br\/"},{"@type":"ListItem","position":2,"name":"Cultura"}]},{"@type":"WebSite","@id":"https:\/\/conectabh.fumec.br\/#website","url":"https:\/\/conectabh.fumec.br\/","name":"Portal Conecta","description":"Laborat\u00f3rio de M\u00eddias Digitais da Universidade Fumec","publisher":{"@id":"https:\/\/conectabh.fumec.br\/#organization"},"potentialAction":[{"@type":"SearchAction","target":{"@type":"EntryPoint","urlTemplate":"https:\/\/conectabh.fumec.br\/?s={search_term_string}"},"query-input":{"@type":"PropertyValueSpecification","valueRequired":true,"valueName":"search_term_string"}}],"inLanguage":"pt-BR"},{"@type":"Organization","@id":"https:\/\/conectabh.fumec.br\/#organization","name":"Portal Conecta","url":"https:\/\/conectabh.fumec.br\/","logo":{"@type":"ImageObject","inLanguage":"pt-BR","@id":"https:\/\/conectabh.fumec.br\/#\/schema\/logo\/image\/","url":"https:\/\/conectabh.fumec.br\/wp-content\/uploads\/cropped-conecta.png","contentUrl":"https:\/\/conectabh.fumec.br\/wp-content\/uploads\/cropped-conecta.png","width":160,"height":160,"caption":"Portal Conecta"},"image":{"@id":"https:\/\/conectabh.fumec.br\/#\/schema\/logo\/image\/"},"sameAs":["https:\/\/www.instagram.com\/conectafumec\/"]}]}},"_links":{"self":[{"href":"https:\/\/conectabh.fumec.br\/index.php?rest_route=\/wp\/v2\/pages\/17","targetHints":{"allow":["GET"]}}],"collection":[{"href":"https:\/\/conectabh.fumec.br\/index.php?rest_route=\/wp\/v2\/pages"}],"about":[{"href":"https:\/\/conectabh.fumec.br\/index.php?rest_route=\/wp\/v2\/types\/page"}],"author":[{"embeddable":true,"href":"https:\/\/conectabh.fumec.br\/index.php?rest_route=\/wp\/v2\/users\/1"}],"replies":[{"embeddable":true,"href":"https:\/\/conectabh.fumec.br\/index.php?rest_route=%2Fwp%2Fv2%2Fcomments&post=17"}],"version-history":[{"count":2,"href":"https:\/\/conectabh.fumec.br\/index.php?rest_route=\/wp\/v2\/pages\/17\/revisions"}],"predecessor-version":[{"id":328,"href":"https:\/\/conectabh.fumec.br\/index.php?rest_route=\/wp\/v2\/pages\/17\/revisions\/328"}],"wp:attachment":[{"href":"https:\/\/conectabh.fumec.br\/index.php?rest_route=%2Fwp%2Fv2%2Fmedia&parent=17"}],"curies":[{"name":"wp","href":"https:\/\/api.w.org\/{rel}","templated":true}]}}